{"id":1296,"date":"2011-05-01T14:16:48","date_gmt":"2011-05-01T12:16:48","guid":{"rendered":"http:\/\/www.60ergang.at\/wordpress\/?page_id=1296"},"modified":"2024-10-19T12:53:06","modified_gmt":"2024-10-19T10:53:06","slug":"transalp2011","status":"publish","type":"page","link":"https:\/\/www.60ergang.at\/wordpress\/transalp2011\/","title":{"rendered":"Transalp 2011"},"content":{"rendered":"<h1><strong>Transalp 2011 <\/strong><\/h1>\n<table>\n<tbody>\n<tr>\n<td><a id=\"post-17223-TOC-Vorwort:\"><\/a><strong>Vorwort: <\/strong><\/p>\n<p>Die Idee eine l\u00e4ngere Radtour \u00fcber einen Teil der Alpen zu machen, stammte aus Steves Feder. Bei einer Fr\u00fchjahrsschitour knobeln wir die Idee etwas genauer aus. Prinzipiell bin ich dabei, habe aber leichte Bedenken sieben Tage Nonstop im Sattel zu sitzen. Im Mai recherchieren wir intensiv im Internet und suchen nach einer &#8222;ausgewogenen&#8220; Tour. Es sollte ja kein Trainingslager werden, sondern immer noch etwas mit Urlaub zu tun haben. War gar nicht so einfach. Wir finden digitales Material f\u00fcr unsere Navis, \u00e4ndern noch das Eine und Andere und so kommen wir auf 400 km Gesamtl\u00e4nge mit 8600 H\u00f6henmetern. Sollte in einer Woche zu schaffen sein. In den folgenden Wochen und Monaten klinken sich weitere Mitbiker in das Unternehmen ein und so treten wir schlussendlich zu F\u00fcnft die Reise in den S\u00fcden an.<\/p>\n<p>Es ist viel passiert in dieser Woche. Wir haben viel gesehen und es gibt viel zu berichten. Teilweise waren es fast zu viele Eindr\u00fccke an einem Tag. Man konnte oft gar nicht alles verarbeiten. Erst nach Sichtung der Fotos und des Videomaterials wurde die Geschichte ein \u201eGanzes\u201c. Am Abend wurden die gesammelten Wahrnehmungen diskutiert und auf einen gemeinsamen Nenner gebracht.<\/p>\n<p><img loading=\"lazy\" decoding=\"async\" width=\"640\" height=\"360\" class=\"wp-image-17224\" src=\"https:\/\/www.60ergang.at\/wordpress\/wp-content\/uploads\/2024\/10\/https-sites-google-com-site-60ergang-_-rsrc-1310.jpeg\" alt=\"https:\/\/sites.google.com\/site\/60ergang\/_\/rsrc\/1310207623411\/rad\/transalp-2011\/0gesamt.jpg\" srcset=\"https:\/\/www.60ergang.at\/wordpress\/wp-content\/uploads\/2024\/10\/https-sites-google-com-site-60ergang-_-rsrc-1310.jpeg 640w, https:\/\/www.60ergang.at\/wordpress\/wp-content\/uploads\/2024\/10\/https-sites-google-com-site-60ergang-_-rsrc-1310-400x225.jpeg 400w\" sizes=\"auto, (max-width: 640px) 100vw, 640px\" \/><\/p>\n<p>18. bis 24.06.2011 (7 Etappen, 400km, 8600hm)<br \/>\nMayrhofen &#8211; Afens &#8211; Maria Saalen &#8211; Lavarella H\u00fctte &#8211; Alleghe &#8211; Feltre &#8211; Bassano del Grappa &#8211; Vicenza<\/p>\n<p><img loading=\"lazy\" decoding=\"async\" width=\"640\" height=\"480\" class=\"wp-image-17225\" src=\"https:\/\/www.60ergang.at\/wordpress\/wp-content\/uploads\/2024\/10\/https-sites-google-com-site-60ergang-_-rsrc-1310-1.jpeg\" alt=\"https:\/\/sites.google.com\/site\/60ergang\/_\/rsrc\/1310206883061\/rad\/transalp-2011\/Transalp%281006%29.JPG\" srcset=\"https:\/\/www.60ergang.at\/wordpress\/wp-content\/uploads\/2024\/10\/https-sites-google-com-site-60ergang-_-rsrc-1310-1.jpeg 640w, https:\/\/www.60ergang.at\/wordpress\/wp-content\/uploads\/2024\/10\/https-sites-google-com-site-60ergang-_-rsrc-1310-1-400x300.jpeg 400w, https:\/\/www.60ergang.at\/wordpress\/wp-content\/uploads\/2024\/10\/https-sites-google-com-site-60ergang-_-rsrc-1310-1-600x450.jpeg 600w\" sizes=\"auto, (max-width: 640px) 100vw, 640px\" \/><\/p>\n<p>Teilnehmer: Fuzzi, Mike, Hannes, Steve, Jemie<\/p>\n<p><a id=\"post-17223-TOC-Zusammenfassung-vorweg:\"><\/a><strong>Zusammenfassung vorweg:<\/strong><\/p>\n<p>Das Wichtigste war und ist nat\u00fcrlich, dass wir alle heil zur\u00fcck gekommen sind. Und so stehen wir nach 7 st\u00fcndiger Bahnfahrt mit lachendem Gesicht am Freitag Abend am Bahnhof in Innsbruck. Die Strapazen der letzten Tage werden noch mit einem Abschlu\u00dfkaffee im Stehbeisl besiegelt.<\/p>\n<p>7 Etappen (7. Tag R\u00fcckreise), 400 Kilometer, 8600 H\u00f6henmeter, 45 Stunden in Bewegung, &gt; 80 km\/h Vmax, 9 km\/h Schnitt, 1 Schlauch, 5 S\u00e4tze Bremsbel\u00e4ge (2x Felgenbremse, 3x Scheibenbremse), 1 Sturz (ohne Verletzung).<\/p>\n<table>\n<tbody>\n<tr>\n<td><strong>Etappe<\/strong><\/td>\n<td><strong>\u00a0Start \/ Ziel<\/strong><\/td>\n<td><strong>Zeit [hh:mm]<\/strong><\/td>\n<td><strong>\u00a0Entfernung [km] <\/strong><\/td>\n<td><strong>\u00a0H\u00f6henmeter [m]<\/strong><\/td>\n<td><strong>\u00a0 V Schnitt\u00a0 [km\/h]<\/strong><\/td>\n<td><strong>V max.<br \/>\n[km\/h]<\/strong><\/td>\n<\/tr>\n<tr>\n<td>\u00a01. Tag<\/td>\n<td>\u00a0Mayrhofen &#8211; Afens<\/td>\n<td>\u00a06:30<\/td>\n<td>\u00a058<\/td>\n<td>\u00a01900<\/td>\n<td>\u00a08,7<\/td>\n<td>\u00a054<\/td>\n<\/tr>\n<tr>\n<td>\u00a02. Tag<\/td>\n<td>\u00a0Afens &#8211; Maria Saalen<\/td>\n<td>\u00a05:30<\/td>\n<td>\u00a065<\/td>\n<td>\u00a0950<\/td>\n<td>\u00a011,5<\/td>\n<td>\u00a057<\/td>\n<\/tr>\n<tr>\n<td>\u00a03. Tag<\/td>\n<td>\u00a0Maria Saalen &#8211; Lavarellah\u00fctte<\/td>\n<td>\u00a04:40<\/td>\n<td>\u00a032<\/td>\n<td>\u00a01200<\/td>\n<td>\u00a06,7<\/td>\n<td>\u00a054<\/td>\n<\/tr>\n<tr>\n<td>\u00a04. Tag<\/td>\n<td>\u00a0Lavarellah\u00fctte &#8211; Alleghe<\/td>\n<td>\u00a011:30<\/td>\n<td>\u00a064<\/td>\n<td>\u00a02100<\/td>\n<td>\u00a05,5<\/td>\n<td>\u00a084<\/td>\n<\/tr>\n<tr>\n<td>\u00a05. Tag<\/td>\n<td>\u00a0Alleghe &#8211; Feltre<\/td>\n<td>\u00a06:00<\/td>\n<td>\u00a079<\/td>\n<td>\u00a0700<\/td>\n<td>\u00a012,7<\/td>\n<td>\u00a061<\/td>\n<\/tr>\n<tr>\n<td>\u00a06. Tag<\/td>\n<td>\u00a0Feltre &#8211; Bassano del Grappa<\/td>\n<td>\u00a09:00<\/td>\n<td>\u00a076<\/td>\n<td>\u00a01700<\/td>\n<td>\u00a08,4<\/td>\n<td>\u00a074<\/td>\n<\/tr>\n<tr>\n<td>\u00a07. Tag<\/td>\n<td>\u00a0Bassano del Grappa &#8211; Vicenza<\/td>\n<td>\u00a02:40<\/td>\n<td>\u00a037<\/td>\n<td>\u00a070<\/td>\n<td>\u00a013,8<\/td>\n<td>\u00a034<\/td>\n<\/tr>\n<tr>\n<td><\/td>\n<td><strong>\u00a0Summen \/ Schnitt<\/strong><\/td>\n<td><strong>\u00a045:50<\/strong><\/td>\n<td><strong>\u00a0411<\/strong><\/td>\n<td><strong>\u00a08620<\/strong><\/td>\n<td><strong>9,6<\/strong><\/td>\n<td><strong>60 <\/strong><\/td>\n<\/tr>\n<\/tbody>\n<\/table>\n<p>Die Zeitangaben sind als Zeit in Bewegung, ohne Pausen zu sehen. H\u00f6henmeter sind absolut \u00fcberwundene Meter auf der Etappe. V Schnitt ist die errechnete Durchschnittsgeschwindigkeit. V max die erreichte H\u00f6chstgeschwindigkeit der Etappe. Die 84 km\/h wurden auf der Abfahrt vom Falzarego Pass erreicht. Hier haben wir sogar Autos verraucht. Die 34 km\/h wurden auf der Ebene Richtung Vicenza gefahren. F\u00fcr den letzten Tag nach 360 km nicht schlecht.<\/p>\n<p>Mehr Fotos gibt es <a href=\"https:\/\/picasaweb.google.com\/Gozilla42\/Transalp2011MTB\" target=\"_blank\" rel=\"noopener\">hier &gt;&gt;&gt;<\/a> und das <a href=\"http:\/\/www.youtube.com\/user\/gozilla42#p\/u\/0\/u1LWUT90HOE\" target=\"_blank\" rel=\"noopener\">Video hier &gt;&gt;&gt;<\/a>.<\/p>\n<hr \/>\n<p><a href=\"https:\/\/www.60ergang.at\/wordpress\/transalp-2011\/\">Lies den ganzen Artikel &gt;&gt;&gt;<\/a><\/td>\n<\/tr>\n<\/tbody>\n<\/table>\n","protected":false},"excerpt":{"rendered":"<p>Transalp 2011 Vorwort: Die Idee eine l\u00e4ngere Radtour \u00fcber einen Teil der Alpen zu machen, stammte aus Steves Feder. Bei einer Fr\u00fchjahrsschitour<\/p>\n","protected":false},"author":2,"featured_media":17243,"parent":0,"menu_order":1,"comment_status":"open","ping_status":"closed","template":"","meta":{"_uag_custom_page_level_css":"","footnotes":""},"class_list":["post-1296","page","type-page","status-publish","has-post-thumbnail","hentry"],"uagb_featured_image_src":{"full":["https:\/\/www.60ergang.at\/wordpress\/wp-content\/uploads\/2024\/10\/https-sites-google-com-site-60ergang-_-rsrc-1310-19.jpeg",552,480,false],"thumbnail":["https:\/\/www.60ergang.at\/wordpress\/wp-content\/uploads\/2024\/10\/https-sites-google-com-site-60ergang-_-rsrc-1310-19-150x150.jpeg",150,150,true],"medium":["https:\/\/www.60ergang.at\/wordpress\/wp-content\/uploads\/2024\/10\/https-sites-google-com-site-60ergang-_-rsrc-1310-19-400x348.jpeg",400,348,true],"medium_large":["https:\/\/www.60ergang.at\/wordpress\/wp-content\/uploads\/2024\/10\/https-sites-google-com-site-60ergang-_-rsrc-1310-19.jpeg",552,480,false],"large":["https:\/\/www.60ergang.at\/wordpress\/wp-content\/uploads\/2024\/10\/https-sites-google-com-site-60ergang-_-rsrc-1310-19.jpeg",552,480,false],"1536x1536":["https:\/\/www.60ergang.at\/wordpress\/wp-content\/uploads\/2024\/10\/https-sites-google-com-site-60ergang-_-rsrc-1310-19.jpeg",552,480,false],"2048x2048":["https:\/\/www.60ergang.at\/wordpress\/wp-content\/uploads\/2024\/10\/https-sites-google-com-site-60ergang-_-rsrc-1310-19.jpeg",552,480,false],"post-thumbnail":["https:\/\/www.60ergang.at\/wordpress\/wp-content\/uploads\/2024\/10\/https-sites-google-com-site-60ergang-_-rsrc-1310-19.jpeg",552,480,false],"worldstar-header-image":["https:\/\/www.60ergang.at\/wordpress\/wp-content\/uploads\/2024\/10\/https-sites-google-com-site-60ergang-_-rsrc-1310-19.jpeg",483,420,false],"worldstar-thumbnail-small":["https:\/\/www.60ergang.at\/wordpress\/wp-content\/uploads\/2024\/10\/https-sites-google-com-site-60ergang-_-rsrc-1310-19.jpeg",92,80,false],"tzwb-thumbnail":["https:\/\/www.60ergang.at\/wordpress\/wp-content\/uploads\/2024\/10\/https-sites-google-com-site-60ergang-_-rsrc-1310-19.jpeg",80,70,false]},"uagb_author_info":{"display_name":"Fuzzi","author_link":"https:\/\/www.60ergang.at\/wordpress\/author\/gozilla42\/"},"uagb_comment_info":3,"uagb_excerpt":"Transalp 2011 Vorwort: Die Idee eine l\u00e4ngere Radtour \u00fcber einen Teil der Alpen zu machen, stammte aus Steves Feder. Bei einer Fr\u00fchjahrsschitour","_links":{"self":[{"href":"https:\/\/www.60ergang.at\/wordpress\/wp-json\/wp\/v2\/pages\/1296","targetHints":{"allow":["GET"]}}],"collection":[{"href":"https:\/\/www.60ergang.at\/wordpress\/wp-json\/wp\/v2\/pages"}],"about":[{"href":"https:\/\/www.60ergang.at\/wordpress\/wp-json\/wp\/v2\/types\/page"}],"author":[{"embeddable":true,"href":"https:\/\/www.60ergang.at\/wordpress\/wp-json\/wp\/v2\/users\/2"}],"replies":[{"embeddable":true,"href":"https:\/\/www.60ergang.at\/wordpress\/wp-json\/wp\/v2\/comments?post=1296"}],"version-history":[{"count":0,"href":"https:\/\/www.60ergang.at\/wordpress\/wp-json\/wp\/v2\/pages\/1296\/revisions"}],"wp:featuredmedia":[{"embeddable":true,"href":"https:\/\/www.60ergang.at\/wordpress\/wp-json\/wp\/v2\/media\/17243"}],"wp:attachment":[{"href":"https:\/\/www.60ergang.at\/wordpress\/wp-json\/wp\/v2\/media?parent=1296"}],"curies":[{"name":"wp","href":"https:\/\/api.w.org\/{rel}","templated":true}]}}