{"id":13,"date":"2012-10-05T00:33:16","date_gmt":"2012-10-04T22:33:16","guid":{"rendered":"http:\/\/www.60ergang.at\/wordpress\/?page_id=13"},"modified":"2025-07-28T16:55:45","modified_gmt":"2025-07-28T14:55:45","slug":"uber-uns","status":"publish","type":"page","link":"https:\/\/www.60ergang.at\/wordpress\/uber-uns\/","title":{"rendered":"\u00dcber uns"},"content":{"rendered":"\n<h2 class=\"wp-block-heading\">Warum 60erGang, 60er-Gang, SechzgerGang?<\/h2>\n\n\n\n<p>Weil wir alle Baujahr 1960+ sind.<\/p>\n\n\n\n<h2 class=\"wp-block-heading\">Was wir wollen<\/h2>\n\n\n\n<p>Wir bewegen uns recht gerne Drau\u00dfen. Die Bandbreite umfasst Schitouren, Biken, Berg-Wandern und ab und zu ein bisschen Klettern. Seit Mai 2014 haben einige sogar ein neues Bet\u00e4tigungsfeld entdeckt. Das Rennradeln hat uns f\u00fcr einige Ausfl\u00fcge auf Mallorca gereizt, mit Erfolg sogar. Darum geh\u00f6rt bei einigen seit 2014 auch das Rennrad zur Standardausstattung. Der Spa\u00df darf auf jeden Fall nicht zu kurz kommen, das ist uns besonders wichtig.<\/p>\n\n\n\n<h2 class=\"wp-block-heading\">Was wir nicht wollen<\/h2>\n\n\n\n<p>Uns mit anderen matchen oder bestehende Rekorde brechen. Respekt an alle Wettkampf- und Speed begeisterte Kollegen, keine Angst, wir h\u00e4ngen uns nicht in den Windschatten. Denn meistens sind wir kr\u00e4ftig beim Quatschen.<\/p>\n\n\n\n<h2 class=\"wp-block-heading\">Kollegas 2008 @ Arco<\/h2>\n\n\n\n<figure class=\"wp-block-image alignnone wp-image-17995 size-post-thumbnail\"><img loading=\"lazy\" decoding=\"async\" width=\"1360\" height=\"765\" src=\"https:\/\/www.60ergang.at\/wordpress\/wp-content\/uploads\/2024\/10\/DSC00349-1360x765.jpg\" alt=\"Mike, Fuzzi, Steve, Hilli, Gert, Stoffl, Hannes, Mario, Manni\" class=\"wp-image-17995\"\/><figcaption class=\"wp-element-caption\">Mike, Fuzzi, Steve, Hilli, Gert, Stoffl, Hannes, Mario, Manni<\/figcaption><\/figure>\n\n\n\n<h2 class=\"wp-block-heading\">Kollegas 2015 @ 60erGang-Bank-Komitee<\/h2>\n\n\n\n<figure class=\"wp-block-image alignnone wp-image-19272 size-medium\"><img loading=\"lazy\" decoding=\"async\" width=\"400\" height=\"300\" src=\"https:\/\/www.60ergang.at\/wordpress\/wp-content\/uploads\/2015\/07\/IMG-20150723-WA0001-400x300.jpg\" alt=\"\" class=\"wp-image-19272\" srcset=\"https:\/\/www.60ergang.at\/wordpress\/wp-content\/uploads\/2015\/07\/IMG-20150723-WA0001-400x300.jpg 400w, https:\/\/www.60ergang.at\/wordpress\/wp-content\/uploads\/2015\/07\/IMG-20150723-WA0001-640x480.jpg 640w, https:\/\/www.60ergang.at\/wordpress\/wp-content\/uploads\/2015\/07\/IMG-20150723-WA0001-768x576.jpg 768w, https:\/\/www.60ergang.at\/wordpress\/wp-content\/uploads\/2015\/07\/IMG-20150723-WA0001-600x450.jpg 600w, https:\/\/www.60ergang.at\/wordpress\/wp-content\/uploads\/2015\/07\/IMG-20150723-WA0001.jpg 1280w\" sizes=\"auto, (max-width: 400px) 100vw, 400px\" \/><figcaption class=\"wp-element-caption\">Hilli, Steve, Jemie, Mario, Fuzzi, Hannes<\/figcaption><\/figure>\n\n\n\n<p>&nbsp;<\/p>\n\n\n\n<figure class=\"wp-block-image alignnone wp-image-18438 size-thumbnail\"><img loading=\"lazy\" decoding=\"async\" width=\"150\" height=\"150\" src=\"https:\/\/www.60ergang.at\/wordpress\/wp-content\/uploads\/2024\/10\/logo_kreisrund_klein-150x150.png\" alt=\"\" class=\"wp-image-18438\" srcset=\"https:\/\/www.60ergang.at\/wordpress\/wp-content\/uploads\/2024\/10\/logo_kreisrund_klein-150x150.png 150w, https:\/\/www.60ergang.at\/wordpress\/wp-content\/uploads\/2024\/10\/logo_kreisrund_klein-80x80.png 80w, https:\/\/www.60ergang.at\/wordpress\/wp-content\/uploads\/2024\/10\/logo_kreisrund_klein-90x90.png 90w, https:\/\/www.60ergang.at\/wordpress\/wp-content\/uploads\/2024\/10\/logo_kreisrund_klein.png 200w\" sizes=\"auto, (max-width: 150px) 100vw, 150px\" \/><figcaption class=\"wp-element-caption\">60erGang Logo<\/figcaption><\/figure>\n\n\n\n<pre class=\"wp-block-preformatted\">... w\u00e4re doch alles so wie fr\u00fcher.<\/pre>\n\n\n\n<hr class=\"wp-block-separator has-alpha-channel-opacity\"\/>\n\n\n\n<p>&nbsp;<\/p>\n\n\n\n<p>Fuzzi<\/p>\n","protected":false},"excerpt":{"rendered":"<p>Warum 60erGang, 60er-Gang, SechzgerGang? Weil wir alle Baujahr 1960+ sind. Was wir wollen Wir bewegen uns recht gerne Drau\u00dfen. Die Bandbreite umfasst<\/p>\n","protected":false},"author":2,"featured_media":0,"parent":0,"menu_order":0,"comment_status":"open","ping_status":"closed","template":"","meta":{"_uag_custom_page_level_css":"","footnotes":""},"class_list":["post-13","page","type-page","status-publish","hentry"],"uagb_featured_image_src":{"full":false,"thumbnail":false,"medium":false,"medium_large":false,"large":false,"1536x1536":false,"2048x2048":false,"post-thumbnail":false,"worldstar-header-image":false,"worldstar-thumbnail-small":false,"tzwb-thumbnail":false},"uagb_author_info":{"display_name":"Fuzzi","author_link":"https:\/\/www.60ergang.at\/wordpress\/author\/gozilla42\/"},"uagb_comment_info":6,"uagb_excerpt":"Warum 60erGang, 60er-Gang, SechzgerGang? Weil wir alle Baujahr 1960+ sind. Was wir wollen Wir bewegen uns recht gerne Drau\u00dfen. Die Bandbreite umfasst","_links":{"self":[{"href":"https:\/\/www.60ergang.at\/wordpress\/wp-json\/wp\/v2\/pages\/13","targetHints":{"allow":["GET"]}}],"collection":[{"href":"https:\/\/www.60ergang.at\/wordpress\/wp-json\/wp\/v2\/pages"}],"about":[{"href":"https:\/\/www.60ergang.at\/wordpress\/wp-json\/wp\/v2\/types\/page"}],"author":[{"embeddable":true,"href":"https:\/\/www.60ergang.at\/wordpress\/wp-json\/wp\/v2\/users\/2"}],"replies":[{"embeddable":true,"href":"https:\/\/www.60ergang.at\/wordpress\/wp-json\/wp\/v2\/comments?post=13"}],"version-history":[{"count":2,"href":"https:\/\/www.60ergang.at\/wordpress\/wp-json\/wp\/v2\/pages\/13\/revisions"}],"predecessor-version":[{"id":23758,"href":"https:\/\/www.60ergang.at\/wordpress\/wp-json\/wp\/v2\/pages\/13\/revisions\/23758"}],"wp:attachment":[{"href":"https:\/\/www.60ergang.at\/wordpress\/wp-json\/wp\/v2\/media?parent=13"}],"curies":[{"name":"wp","href":"https:\/\/api.w.org\/{rel}","templated":true}]}}