{"id":16157,"date":"2024-09-01T22:01:05","date_gmt":"2024-09-01T20:01:05","guid":{"rendered":"https:\/\/www.60ergang.at\/wordpress\/?page_id=16157"},"modified":"2026-02-11T20:50:49","modified_gmt":"2026-02-11T19:50:49","slug":"60er-classics","status":"publish","type":"page","link":"https:\/\/www.60ergang.at\/wordpress\/60er-classics\/","title":{"rendered":"60erClassics"},"content":{"rendered":"<p>Da ich das 60igste Lebensalter erreicht, mittlerweile \u00fcberschritten habe, m\u00f6chte ich dies zum Anlass nehmen, ein neues Kapitel in meinem Leben und auf dieser Homepage aufzuschlagen. Daf\u00fcr spendiere ich eine eigenst\u00e4ndige Seite.<\/p>\n<p>Da ich aktuell mehr Freude am Gravelrad und Rennrad habe als am Mountainbike, m\u00f6chte ich einige (Stra\u00dfen)Klassiker angehen und auf dieser Seite unter dem Titel 60erClassics&#8220; zusammenfassen und ver\u00f6ffentlichen.<\/p>\n<p>Die nachfolgenden Berichte beschreiben also meine (Solo)Ausfahrten per Renn- oder Gravelrad und diese sind aus meiner Sicht echte Klassiker, 60erClassics eben.<\/p>\n<h3>2024 (60)<\/h3>\n<ul>\n<li><a href=\"https:\/\/www.60ergang.at\/wordpress\/kuehtai-2-020-hm-ein-klassiker\">60erClassics: K\u00fchtai 2.020 hm (63km, Anstieg 1.520hm)<\/a><\/li>\n<li><a href=\"https:\/\/www.60ergang.at\/wordpress\/60erclassics-luesens-1-670hm\">60erClassics: L\u00fcsens 1.670 hm (55km, Anstieg 1.070hm)<\/a><\/li>\n<li><a href=\"https:\/\/www.60ergang.at\/wordpress\/60erclassics-stilfser-joch-2-757hm\">60erClassics: Stilfserjoch 2.757 hm (70km, Anstieg 1.850hm)<\/a><\/li>\n<li><a href=\"https:\/\/www.60ergang.at\/wordpress\/60erclassics-sella-ronda\">60erClassics: Sella Ronda 2.240 hm, 2.239 hm, 1.875 hm, 2.121 hm (64km, Anstieg 1.990hm)<\/a><\/li>\n<\/ul>\n<h3>2025 (61)<\/h3>\n<ul>\n<li><a href=\"https:\/\/www.60ergang.at\/wordpress\/60er-classics-kuehtai-2-020-hm-2025\/\">60erClassics: K\u00fchtai 2.020 hm <\/a><a href=\"https:\/\/www.60ergang.at\/wordpress\/kuehtai-2-020-hm-ein-klassiker\">(63km, Anstieg 1.520hm)<\/a><\/li>\n<li><a href=\"https:\/\/www.60ergang.at\/wordpress\/60erclassics-ibk-haiming-sattele-kuehtai-ibk\/\">60erClassics: Ibk-Haiming-Sattele-K\u00fchtai 2.020 hm-Ibk (94km, Anstieg 1.750hm)<\/a><\/li>\n<\/ul>\n<hr \/>\n<p>&nbsp;<\/p>\n<pre>Besonders sch\u00f6n, sind die guten Tage. Spa\u00df, machen auch die weniger guten.<\/pre>\n<p>&nbsp;<\/p>\n","protected":false},"excerpt":{"rendered":"<p>Da ich das 60igste Lebensalter erreicht, mittlerweile \u00fcberschritten habe, m\u00f6chte ich dies zum Anlass nehmen, ein neues Kapitel in meinem Leben und<\/p>\n","protected":false},"author":2,"featured_media":23698,"parent":0,"menu_order":0,"comment_status":"closed","ping_status":"closed","template":"","meta":{"_uag_custom_page_level_css":"","footnotes":""},"class_list":["post-16157","page","type-page","status-publish","has-post-thumbnail","hentry"],"uagb_featured_image_src":{"full":["https:\/\/www.60ergang.at\/wordpress\/wp-content\/uploads\/2025\/07\/header-kuh2000-scaled.jpg",2560,1440,false],"thumbnail":["https:\/\/www.60ergang.at\/wordpress\/wp-content\/uploads\/2025\/07\/header-kuh2000-320x320.jpg",320,320,true],"medium":["https:\/\/www.60ergang.at\/wordpress\/wp-content\/uploads\/2025\/07\/header-kuh2000-640x360.jpg",640,360,true],"medium_large":["https:\/\/www.60ergang.at\/wordpress\/wp-content\/uploads\/2025\/07\/header-kuh2000-768x432.jpg",768,432,true],"large":["https:\/\/www.60ergang.at\/wordpress\/wp-content\/uploads\/2025\/07\/header-kuh2000-1024x576.jpg",840,473,true],"1536x1536":["https:\/\/www.60ergang.at\/wordpress\/wp-content\/uploads\/2025\/07\/header-kuh2000-1536x864.jpg",1536,864,true],"2048x2048":["https:\/\/www.60ergang.at\/wordpress\/wp-content\/uploads\/2025\/07\/header-kuh2000-2048x1152.jpg",2048,1152,true],"post-thumbnail":["https:\/\/www.60ergang.at\/wordpress\/wp-content\/uploads\/2025\/07\/header-kuh2000-840x480.jpg",840,480,true],"worldstar-header-image":["https:\/\/www.60ergang.at\/wordpress\/wp-content\/uploads\/2025\/07\/header-kuh2000-1260x420.jpg",1260,420,true],"worldstar-thumbnail-small":["https:\/\/www.60ergang.at\/wordpress\/wp-content\/uploads\/2025\/07\/header-kuh2000-120x80.jpg",120,80,true],"tzwb-thumbnail":["https:\/\/www.60ergang.at\/wordpress\/wp-content\/uploads\/2025\/07\/header-kuh2000-80x80.jpg",80,80,true]},"uagb_author_info":{"display_name":"Fuzzi","author_link":"https:\/\/www.60ergang.at\/wordpress\/author\/gozilla42\/"},"uagb_comment_info":0,"uagb_excerpt":"Da ich das 60igste Lebensalter erreicht, mittlerweile \u00fcberschritten habe, m\u00f6chte ich dies zum Anlass nehmen, ein neues Kapitel in meinem Leben und","_links":{"self":[{"href":"https:\/\/www.60ergang.at\/wordpress\/wp-json\/wp\/v2\/pages\/16157","targetHints":{"allow":["GET"]}}],"collection":[{"href":"https:\/\/www.60ergang.at\/wordpress\/wp-json\/wp\/v2\/pages"}],"about":[{"href":"https:\/\/www.60ergang.at\/wordpress\/wp-json\/wp\/v2\/types\/page"}],"author":[{"embeddable":true,"href":"https:\/\/www.60ergang.at\/wordpress\/wp-json\/wp\/v2\/users\/2"}],"replies":[{"embeddable":true,"href":"https:\/\/www.60ergang.at\/wordpress\/wp-json\/wp\/v2\/comments?post=16157"}],"version-history":[{"count":7,"href":"https:\/\/www.60ergang.at\/wordpress\/wp-json\/wp\/v2\/pages\/16157\/revisions"}],"predecessor-version":[{"id":24064,"href":"https:\/\/www.60ergang.at\/wordpress\/wp-json\/wp\/v2\/pages\/16157\/revisions\/24064"}],"wp:featuredmedia":[{"embeddable":true,"href":"https:\/\/www.60ergang.at\/wordpress\/wp-json\/wp\/v2\/media\/23698"}],"wp:attachment":[{"href":"https:\/\/www.60ergang.at\/wordpress\/wp-json\/wp\/v2\/media?parent=16157"}],"curies":[{"name":"wp","href":"https:\/\/api.w.org\/{rel}","templated":true}]}}