{"id":44,"date":"2012-09-30T17:51:10","date_gmt":"2012-09-30T15:51:10","guid":{"rendered":"http:\/\/www.60ergang.at\/wordpress\/?page_id=44"},"modified":"2024-10-19T16:46:07","modified_gmt":"2024-10-19T14:46:07","slug":"transalp-2012","status":"publish","type":"page","link":"https:\/\/www.60ergang.at\/wordpress\/transalp-2012\/","title":{"rendered":"Transalp 2012"},"content":{"rendered":"<h1>Transalp 2012, Vorwort und Zusammenfassung<\/h1>\n<p>Die Transalp 2012 ist Geschichte. Vom 15. bis 21.09.2012 waren wir wieder unterwegs. Die Woche war sehr spannend. Wir haben wieder so einiges erlebt und dadurch war die Reise recht kurzweilig.<\/p>\n<div><a href=\"https:\/\/www.60ergang.at\/wordpress\/wp-content\/uploads\/2012\/10\/1-Tour2012gesamt.jpg\"><img loading=\"lazy\" decoding=\"async\" class=\"alignnone wp-image-201\" title=\"1-Tour2012gesamt\" src=\"https:\/\/www.60ergang.at\/wordpress\/wp-content\/uploads\/2012\/10\/1-Tour2012gesamt.jpg\" alt=\"\" width=\"361\" height=\"640\" srcset=\"https:\/\/www.60ergang.at\/wordpress\/wp-content\/uploads\/2012\/10\/1-Tour2012gesamt.jpg 361w, https:\/\/www.60ergang.at\/wordpress\/wp-content\/uploads\/2012\/10\/1-Tour2012gesamt-169x300.jpg 169w\" sizes=\"auto, (max-width: 361px) 100vw, 361px\" \/><\/a><\/div>\n<div>\n<p style=\"text-align: left;\" align=\"center\">15. bis 21.09.2012, 7 Etappen<\/p>\n<p>Pfunds &#8211; Sesvennah\u00fctte &#8211; Lana &#8211; Caldes &#8211; Capo di Ponte &#8211; Rifugio Bassena &#8211; Rifugio Garibaldi &#8211; Riva del Garda<\/p>\n<p><a href=\"https:\/\/www.60ergang.at\/wordpress\/wp-content\/uploads\/2012\/10\/1-Transalp2012_hoehen1.jpg\"><img loading=\"lazy\" decoding=\"async\" class=\"alignnone size-full wp-image-203\" title=\"1-Transalp2012_hoehen\" src=\"https:\/\/www.60ergang.at\/wordpress\/wp-content\/uploads\/2012\/10\/1-Transalp2012_hoehen1.jpg\" alt=\"\" width=\"320\" height=\"86\" srcset=\"https:\/\/www.60ergang.at\/wordpress\/wp-content\/uploads\/2012\/10\/1-Transalp2012_hoehen1.jpg 320w, https:\/\/www.60ergang.at\/wordpress\/wp-content\/uploads\/2012\/10\/1-Transalp2012_hoehen1-300x80.jpg 300w\" sizes=\"auto, (max-width: 320px) 100vw, 320px\" \/><\/a><\/p>\n<div>\n<p>7 Tage &#8211; 10099 H\u00f6henmeter und 420 Kilometer<\/p>\n<p>&nbsp;<\/p>\n<table border=\"1\" width=\"584\" cellspacing=\"0\" cellpadding=\"0\">\n<tbody>\n<tr>\n<td><strong>Etappe<\/strong><\/td>\n<td width=\"167\"><strong> Start \/ Ziel<\/strong><\/td>\n<td width=\"65\">\n<p align=\"center\"><strong>Zeit [hh:mm]<\/strong><\/p>\n<\/td>\n<td>\n<p align=\"center\"><strong> Entfernung [km] <\/strong><\/p>\n<\/td>\n<td>\n<p align=\"center\"><strong> H\u00f6hen-<br \/>\nmeter [m]<\/strong><\/p>\n<\/td>\n<td>\n<p align=\"center\"><strong>\u00a0 V Schnitt\u00a0 [km\/h]<\/strong><\/p>\n<\/td>\n<td>\n<p align=\"center\"><strong>V max.<br \/>\n[km\/h]<\/strong><\/p>\n<\/td>\n<\/tr>\n<tr>\n<td>1. Tag<\/td>\n<td width=\"167\">Pfunds &#8211; Sesvennah\u00fctte<\/td>\n<td width=\"65\">\n<p align=\"center\">5:52<\/p>\n<\/td>\n<td>\n<p align=\"center\">38<\/p>\n<\/td>\n<td>\n<p align=\"center\">1632<\/p>\n<\/td>\n<td>\n<p align=\"center\">6,4<\/p>\n<\/td>\n<td>\n<p align=\"center\">43<\/p>\n<\/td>\n<\/tr>\n<tr>\n<td>2. Tag<\/td>\n<td width=\"167\">Sesvennah\u00fctte &#8211; Lana<\/td>\n<td width=\"65\">\n<p align=\"center\">9:39<\/p>\n<\/td>\n<td>\n<p align=\"center\">105<\/p>\n<\/td>\n<td>\n<p align=\"center\">1670<\/p>\n<\/td>\n<td>\n<p align=\"center\">9,5<\/p>\n<\/td>\n<td>\n<p align=\"center\">62<\/p>\n<\/td>\n<\/tr>\n<tr>\n<td>3. Tag<\/td>\n<td width=\"167\">Lana &#8211; Caldes<\/td>\n<td width=\"65\">\n<p align=\"center\">5:53<\/p>\n<\/td>\n<td>\n<p align=\"center\">59<\/p>\n<\/td>\n<td>\n<p align=\"center\">1520<\/p>\n<\/td>\n<td>\n<p align=\"center\">7,8<\/p>\n<\/td>\n<td>\n<p align=\"center\">76<\/p>\n<\/td>\n<\/tr>\n<tr>\n<td>4. Tag<\/td>\n<td width=\"167\">Caldes &#8211; Capo di Ponte<\/td>\n<td width=\"65\">\n<p align=\"center\">8:05<\/p>\n<\/td>\n<td>\n<p align=\"center\">93<\/p>\n<\/td>\n<td>\n<p align=\"center\">1501<\/p>\n<\/td>\n<td>\n<p align=\"center\">9,3<\/p>\n<\/td>\n<td>\n<p align=\"center\">72<\/p>\n<\/td>\n<\/tr>\n<tr>\n<td>5. Tag<\/td>\n<td width=\"167\">Capo di Ponte &#8211; Rifugio Bassena<\/td>\n<td width=\"65\">\n<p align=\"center\">4:29<\/p>\n<\/td>\n<td>\n<p align=\"center\">29<\/p>\n<\/td>\n<td>\n<p align=\"center\">1523<\/p>\n<\/td>\n<td>\n<p align=\"center\">6,1<\/p>\n<\/td>\n<td>\n<p align=\"center\">42<\/p>\n<\/td>\n<\/tr>\n<tr>\n<td>6. Tag<\/td>\n<td width=\"167\">Rifugio Bassena &#8211; Rifugio Garibaldi<\/td>\n<td width=\"65\">\n<p align=\"center\">6:39<\/p>\n<\/td>\n<td>\n<p align=\"center\">64<\/p>\n<\/td>\n<td>\n<p align=\"center\">1605<\/p>\n<\/td>\n<td>\n<p align=\"center\">6,9<\/p>\n<\/td>\n<td>\n<p align=\"center\">84<\/p>\n<\/td>\n<\/tr>\n<tr>\n<td>7. Tag<\/td>\n<td width=\"167\">Rifugio Garibaldi &#8211; Riva del Garda<\/td>\n<td width=\"65\">\n<p align=\"center\">5:10<\/p>\n<\/td>\n<td>\n<p align=\"center\">34<\/p>\n<\/td>\n<td>\n<p align=\"center\">648<\/p>\n<\/td>\n<td>\n<p align=\"center\">4,8<\/p>\n<\/td>\n<td>\n<p align=\"center\">43<\/p>\n<\/td>\n<\/tr>\n<tr>\n<td><\/td>\n<td width=\"167\"><strong>Summen \/ Schnitt<\/strong><\/td>\n<td width=\"65\">\n<p align=\"center\"><strong>45:47<\/strong><\/p>\n<\/td>\n<td>\n<p align=\"center\"><strong>422<\/strong><\/p>\n<\/td>\n<td>\n<p align=\"center\"><strong>10099<\/strong><\/p>\n<\/td>\n<td>\n<p align=\"center\"><strong>9,5<\/strong><\/p>\n<\/td>\n<td>\n<p align=\"center\"><strong>60<\/strong><\/p>\n<\/td>\n<\/tr>\n<\/tbody>\n<\/table>\n<p><span style=\"font-size: 1.125rem;\">Dass auch heuer wieder eine Transalp anstehen sollte, war eigentlichbereits seit Juni letzten Jahres klar, als wir die Transalp 2011 abgeschlossen hatten. Es sollte eine Fortsetzung des Abenteuers vom letzten Jahr werden und nach M\u00f6glichkeit noch einen Tick knuspriger werden.<\/span><\/p>\n<\/div>\n<\/div>\n<p>Die 5 k\u00f6pfige &#8222;Urtruppe&#8220; der 2011 Befahrung, war sowieso gleich begeistert eine weitere Alternativroute in Richtung S\u00fcden, das Ziel sollte diesmal der Gardasee werden, zu planen. Bei den Vorgespr\u00e4chen kristallisiert sich bereits heraus, dass die Teilnehmergruppe f\u00fcr die heurige Runde etwas gr\u00f6\u00dfer ausfallen w\u00fcrde.<\/p>\n<p>Auf den Punkt gebracht &#8211; wir waren zu 8 unterwegs. Acht Kompaneros gehen und fahren durch drei L\u00e4nder. Die Anzahl der Pannen hielt sich in Grenzen, im Vergleich zum Vorjahr &#8211; Tendenz steigend. Perfekt war wieder unsere Packliste, welche wir bereits letztes Jahr aus dem Bike Heft gezogen und mit vielen Details erg\u00e4nzt hatten. Da kommt schon so einiges an Material zusammen. In Summe waren es bei mir 8kg an Bekleidung, Nahrung und Technik (die anderen hatten \u00e4hnliche Werte). Die H\u00e4lfte, also ca. 4kg wurden direkt am Fahrrad mittels Lenker-, Sattel- und Rahmentasche verstaut. Knapp unter 4kg blieben noch f\u00fcr den Rucksack \u00fcbrig. Perfekt. Mike hatte wieder seine beiden Rahmentaschen am Gep\u00e4ckstr\u00e4ger und er war somit der einzige ohne Rucksack.<\/p>\n<p>Die Ausbeute an Defekten waren: Pseudoplatten (ich glaube das Ventil hat einen Schleichenden), Kettenfresser (wir mussten sogar die Tretkurbel ausbauen), Gangfu\u00df(ex)tremverbieger, Rahmenbruch und zu allem Unnutz gab es auch noch einen Vollkeks (der totale rechtsseitige Sturz von Hilli) kurz vor einem Etappenziel.<\/p>\n<p>Alles war dabei. Zum \u00c4rgern, zum Fluchen, zum Schreien, zum Grinsen, Lachkrampfeinlagen kamen vor und auch die eine oder andere schwache mentale und\/oder konditionelle Stunde war dabei (bei mir zumindest). Aber auch die Durchh\u00e4nger wurden \u00fcberwunden und so ist alles gut ausgegangen. Doch dazu sp\u00e4ter mehr bei den Einzeletappen.<\/p>\n<div>\n<div><a href=\"https:\/\/www.60ergang.at\/wordpress\/rad\/transalp-2012\/p1080285\" rel=\"attachment wp-att-199\"><img loading=\"lazy\" decoding=\"async\" class=\"alignnone size-large wp-image-199\" title=\"P1080285\" src=\"https:\/\/www.60ergang.at\/wordpress\/wp-content\/uploads\/2012\/10\/P1080285-1024x768.jpg\" alt=\"\" width=\"584\" height=\"438\" \/><\/a><\/div>\n<\/div>\n<div>Die 2012er Transalpler\u2019<\/div>\n<p>Fuzzi, Hannes, Mike, Manni, Jemie, Steve, Hilli, (der Mario war zu diesem Zeitpunkt noch in Griechenland)<\/p>\n<p>In<strong> 422 Kilometern<\/strong> an den Gardasee. Nat\u00fcrlich geht es auch k\u00fcrzer, aber nicht wenn du \u00fcber mehrere Berge f\u00e4hrst. <strong>Knapp 10000 H\u00f6henmeter<\/strong> in einer Woche bedeuten ungef\u00e4hr 7 mal von Innsbruck auf den Patscherkofel zu fahren.<br \/>\nImmerhin: F\u00fcr knapp unter 50er gar nicht so \u00fcbel. Nebens\u00e4chlichkeiten seien auch noch kurz erw\u00e4hnt. Die Durchschnittsgeschwindigkeit der Tour liegt bei <strong>9,5km\/h<\/strong>, die Vmax bei beachtlichen <strong>84km\/h<\/strong> erreicht bei der Abfahrt vom Passo Croko Domeni.<\/p>\n<p>\u00dcbrigens: Eine schier unglaubliche Leistung sei an dieser Stelle &#8211; f\u00fcr uns nat\u00fcrlich au\u00dfer Konkurenz \ud83d\ude42 &#8211; erw\u00e4hnt. Der Thomas Recheis von den <a href=\"http:\/\/www.mountain-maniacs.at\" target=\"_blank\" rel=\"noopener\">Mountain-Maniacs<\/a>, hat ann\u00e4hernd die selben H\u00f6henmeter in <strong>1 Tag<\/strong> gemacht! Guckst du <a href=\"http:\/\/www.mountain-maniacs.at\/2012\/10\/projekt-8848\/\" target=\"_blank\" rel=\"noopener\">Projekt 8848<\/a> &#8211; ein Wahnsinn und aufrichtiges Kompliment.<\/p>\n<p>Weiter im Text: Das \u201cNicht\u201d Vorreservieren von Unterbringungen am Etappenziel hat sich wieder einmal als ideal herausgestellt. Die \u00dcbernachtung auf der Sesvennah\u00fctte wurde als einzige reserviert. Eng wurde es lediglich in Capo di Ponte, wo wir nur f\u00fcr f\u00fcnf Kollegas ein Zimmer hatten. Der Chef des Hauses organisierte aber flux ein Zimmer im Schlo\u00df \u2013 kein Scherz \u2013 f\u00fcr drei Personen.<\/p>\n<p>Ein weiteres Highlight der Tour, war das Treffen mit unseren M\u00e4dels in Riva del Garda, wo wir uns 3 Tage lang, von Freitag bis Sonntag im <a href=\"http:\/\/www.hotelkristalpalace-lagodigarda.it\" target=\"_blank\" rel=\"noopener\">Hotel Kristal Palace<\/a> eingenistet hatten und uns es so richtig gut gehen liessen. Die 15 k\u00f6pfige Truppe brachte so richtigen Schwung in die Hotelanlage. Speziell im Speisesaal und auf der Dachterrasse mit geheiztem Pool, war die Stimmung \u00f6fters auf Maximum Limit. Am Sonntag trennt sich die Gruppe zur Heimreise nach Innsbruck. Ein Teil per Auto, ein Teil per Zug, die Gl\u00fccklichen bleiben noch bis Montag.<\/p>\n<hr \/>\n<p><a href=\"https:\/\/www.60ergang.at\/wordpress\/transalp-2012-2\/\">&gt;&gt;&gt; lies den ganzen Artikel; Transalp 2012<\/a><\/p>\n","protected":false},"excerpt":{"rendered":"<p>Transalp 2012, Vorwort und Zusammenfassung Die Transalp 2012 ist Geschichte. Vom 15. bis 21.09.2012 waren wir wieder unterwegs. Die Woche war sehr<\/p>\n","protected":false},"author":2,"featured_media":199,"parent":0,"menu_order":2,"comment_status":"open","ping_status":"closed","template":"","meta":{"_uag_custom_page_level_css":"","footnotes":""},"class_list":["post-44","page","type-page","status-publish","has-post-thumbnail","hentry"],"uagb_featured_image_src":{"full":["https:\/\/www.60ergang.at\/wordpress\/wp-content\/uploads\/2012\/10\/P1080285-e1376766436123.jpg",650,250,false],"thumbnail":["https:\/\/www.60ergang.at\/wordpress\/wp-content\/uploads\/2012\/10\/P1080285-e1376766436123-150x150.jpg",150,150,true],"medium":["https:\/\/www.60ergang.at\/wordpress\/wp-content\/uploads\/2012\/10\/P1080285-e1376766436123-400x153.jpg",400,153,true],"medium_large":["https:\/\/www.60ergang.at\/wordpress\/wp-content\/uploads\/2012\/10\/P1080285-e1376766436123.jpg",650,250,false],"large":["https:\/\/www.60ergang.at\/wordpress\/wp-content\/uploads\/2012\/10\/P1080285-e1376766436123-640x246.jpg",640,246,true],"1536x1536":["https:\/\/www.60ergang.at\/wordpress\/wp-content\/uploads\/2012\/10\/P1080285-e1376766436123.jpg",650,250,false],"2048x2048":["https:\/\/www.60ergang.at\/wordpress\/wp-content\/uploads\/2012\/10\/P1080285-e1376766436123.jpg",650,250,false],"post-thumbnail":["https:\/\/www.60ergang.at\/wordpress\/wp-content\/uploads\/2012\/10\/P1080285-1000x288.jpg",840,242,true],"worldstar-header-image":["https:\/\/www.60ergang.at\/wordpress\/wp-content\/uploads\/2012\/10\/P1080285-e1376766436123.jpg",650,250,false],"worldstar-thumbnail-small":["https:\/\/www.60ergang.at\/wordpress\/wp-content\/uploads\/2012\/10\/P1080285-e1376766436123.jpg",120,46,false],"tzwb-thumbnail":["https:\/\/www.60ergang.at\/wordpress\/wp-content\/uploads\/2012\/10\/P1080285-e1376766436123.jpg",80,31,false]},"uagb_author_info":{"display_name":"Fuzzi","author_link":"https:\/\/www.60ergang.at\/wordpress\/author\/gozilla42\/"},"uagb_comment_info":4,"uagb_excerpt":"Transalp 2012, Vorwort und Zusammenfassung Die Transalp 2012 ist Geschichte. Vom 15. bis 21.09.2012 waren wir wieder unterwegs. Die Woche war sehr","_links":{"self":[{"href":"https:\/\/www.60ergang.at\/wordpress\/wp-json\/wp\/v2\/pages\/44","targetHints":{"allow":["GET"]}}],"collection":[{"href":"https:\/\/www.60ergang.at\/wordpress\/wp-json\/wp\/v2\/pages"}],"about":[{"href":"https:\/\/www.60ergang.at\/wordpress\/wp-json\/wp\/v2\/types\/page"}],"author":[{"embeddable":true,"href":"https:\/\/www.60ergang.at\/wordpress\/wp-json\/wp\/v2\/users\/2"}],"replies":[{"embeddable":true,"href":"https:\/\/www.60ergang.at\/wordpress\/wp-json\/wp\/v2\/comments?post=44"}],"version-history":[{"count":0,"href":"https:\/\/www.60ergang.at\/wordpress\/wp-json\/wp\/v2\/pages\/44\/revisions"}],"wp:featuredmedia":[{"embeddable":true,"href":"https:\/\/www.60ergang.at\/wordpress\/wp-json\/wp\/v2\/media\/199"}],"wp:attachment":[{"href":"https:\/\/www.60ergang.at\/wordpress\/wp-json\/wp\/v2\/media?parent=44"}],"curies":[{"name":"wp","href":"https:\/\/api.w.org\/{rel}","templated":true}]}}